{"id":6381,"date":"2025-04-23T18:33:18","date_gmt":"2025-04-23T22:33:18","guid":{"rendered":"https:\/\/axe360.ca\/?page_id=6381"},"modified":"2025-06-05T15:22:26","modified_gmt":"2025-06-05T19:22:26","slug":"about-us-2","status":"publish","type":"page","link":"https:\/\/axe360.ca\/en\/about-us-2\/","title":{"rendered":"About us"},"content":{"rendered":"\t\t<div data-elementor-type=\"wp-page\" data-elementor-id=\"6381\" class=\"elementor elementor-6381 elementor-6380\" data-elementor-post-type=\"page\">\n\t\t\t\t\t\t<section class=\"elementor-section elementor-top-section elementor-element elementor-element-32542b3 elementor-section-content-middle elementor-section-boxed elementor-section-height-default elementor-section-height-default\" data-id=\"32542b3\" data-element_type=\"section\">\n\t\t\t\t\t\t<div class=\"elementor-container elementor-column-gap-extended\">\n\t\t\t\t\t<div class=\"elementor-column elementor-col-100 elementor-top-column elementor-element elementor-element-e60311e ot-flex-column-vertical\" data-id=\"e60311e\" data-element_type=\"column\">\n\t\t\t<div class=\"elementor-widget-wrap elementor-element-populated\">\n\t\t\t\t\t\t<div class=\"elementor-element elementor-element-844e24a elementor-widget elementor-widget-iheading\" data-id=\"844e24a\" data-element_type=\"widget\" data-widget_type=\"iheading.default\">\n\t\t\t\t<div class=\"elementor-widget-container\">\n\t\t\t\t\t\t\t<div class=\"ot-heading is-dots\">\r\n\t        <span>[ About ]<\/span>\t        <h2 class=\"main-heading\">Group Axe 360\u00b0<\/h2>\t    <\/div>\r\n\t    \t\t\t\t<\/div>\n\t\t\t\t<\/div>\n\t\t\t\t<div class=\"elementor-element elementor-element-0aa498d elementor-widget elementor-widget-text-editor\" data-id=\"0aa498d\" data-element_type=\"widget\" data-widget_type=\"text-editor.default\">\n\t\t\t\t<div class=\"elementor-widget-container\">\n\t\t\t\t\t\t\t\t\t<div class=\"elementToProof\">Group Axe 360 Inc. was founded in Mascouche. The company holds an R.B.Q. license and specializes in renovations for seniors&#8217; residences and home adaptations.<\/div><div class=\"elementToProof\">Passionate about the industry, Eugene Jolicoeur has been working in the field for over 24 years. Recognized in court as a building expert, he also holds a license from the R\u00e9gie du B\u00e2timent du Qu\u00e9bec (RBQ) and a diploma from the Association de la Construction du Qu\u00e9bec (ACQ).<\/div><div class=\"elementToProof\">Over the years, the company has built a solid reputation in the construction and RPP industries. In recent years, the company has turned its attention to seniors&#8217; residences, having developed a particular expertise in this field.<\/div><div class=\"elementToProof\">With an eye for detail and transparency for every customer, the company stands out for its exceptional service!<\/div>\t\t\t\t\t\t\t\t<\/div>\n\t\t\t\t<\/div>\n\t\t\t\t<div class=\"elementor-element elementor-element-3b5a416 elementor-widget elementor-widget-iheading\" data-id=\"3b5a416\" data-element_type=\"widget\" data-widget_type=\"iheading.default\">\n\t\t\t\t<div class=\"elementor-widget-container\">\n\t\t\t\t\t\t\t<div class=\"ot-heading is-dots\">\r\n\t        \t        <h2 class=\"main-heading\">Preliminary project<\/h2>\t    <\/div>\r\n\t    \t\t\t\t<\/div>\n\t\t\t\t<\/div>\n\t\t\t\t<div class=\"elementor-element elementor-element-98ca7d5 elementor-widget elementor-widget-text-editor\" data-id=\"98ca7d5\" data-element_type=\"widget\" data-widget_type=\"text-editor.default\">\n\t\t\t\t<div class=\"elementor-widget-container\">\n\t\t\t\t\t\t\t\t\t<p>Are you excited about your new renovation project? Do you spend a lot of time visiting websites for renovation ideas for your dream projects? Have you fallen in love with a renovation idea for one or more rooms in your home? Let us give you peace of mind and make the renovation experience a pleasant one. We&#8217;re the company that can make your dreams come true!    <\/p>\t\t\t\t\t\t\t\t<\/div>\n\t\t\t\t<\/div>\n\t\t\t\t<div class=\"elementor-element elementor-element-46a351c elementor-widget elementor-widget-ibutton\" data-id=\"46a351c\" data-element_type=\"widget\" data-widget_type=\"ibutton.default\">\n\t\t\t\t<div class=\"elementor-widget-container\">\n\t\t\t\t\t\t\t<div class=\"ot-button\">\r\n\t\t\t<a href=\"https:\/\/axe360.ca\/en\/contact-us\/\" class=\"octf-btn octf-btn-dark\">Get in touch<\/a>\r\n\t    <\/div>\r\n\t    \t\t\t\t<\/div>\n\t\t\t\t<\/div>\n\t\t\t\t\t<\/div>\n\t\t<\/div>\n\t\t\t\t\t<\/div>\n\t\t<\/section>\n\t\t\t\t<section class=\"elementor-section elementor-top-section elementor-element elementor-element-e274463 elementor-section-boxed elementor-section-height-default elementor-section-height-default\" data-id=\"e274463\" data-element_type=\"section\" data-settings=\"{&quot;background_background&quot;:&quot;classic&quot;}\">\n\t\t\t\t\t\t<div class=\"elementor-container elementor-column-gap-default\">\n\t\t\t\t\t<div class=\"elementor-column elementor-col-50 elementor-top-column elementor-element elementor-element-4c6b222 ot-flex-column-vertical\" data-id=\"4c6b222\" data-element_type=\"column\">\n\t\t\t<div class=\"elementor-widget-wrap elementor-element-populated\">\n\t\t\t\t\t\t<div class=\"elementor-element elementor-element-e109f49 theratio-align-center elementor-widget elementor-widget-iheading\" data-id=\"e109f49\" data-element_type=\"widget\" data-widget_type=\"iheading.default\">\n\t\t\t\t<div class=\"elementor-widget-container\">\n\t\t\t\t\t\t\t<div class=\"ot-heading is-dots\">\r\n\t        \t        <h2 class=\"main-heading\">Your contractor<\/h2>\t    <\/div>\r\n\t    \t\t\t\t<\/div>\n\t\t\t\t<\/div>\n\t\t\t\t<div class=\"elementor-element elementor-element-bd4df82 elementor-widget elementor-widget-image\" data-id=\"bd4df82\" data-element_type=\"widget\" data-widget_type=\"image.default\">\n\t\t\t\t<div class=\"elementor-widget-container\">\n\t\t\t\t\t\t\t\t\t\t\t\t\t\t\t<img fetchpriority=\"high\" decoding=\"async\" width=\"290\" height=\"300\" src=\"https:\/\/axe360.ca\/wp-content\/uploads\/2025\/03\/Eugene-Jolicoeur.png\" class=\"attachment-full size-full wp-image-5912\" alt=\"\" \/>\t\t\t\t\t\t\t\t\t\t\t\t\t\t\t<\/div>\n\t\t\t\t<\/div>\n\t\t\t\t<div class=\"elementor-element elementor-element-21440ef elementor-widget elementor-widget-text-editor\" data-id=\"21440ef\" data-element_type=\"widget\" data-widget_type=\"text-editor.default\">\n\t\t\t\t<div class=\"elementor-widget-container\">\n\t\t\t\t\t\t\t\t\t<h5 class=\"dark-text red-border-bottom\"><span style=\"color: #ffffff;\">Eugene Jolicoeur<\/span><\/h5><h6 class=\"position\"><span style=\"color: #ffffff;\">Certified contractor Member of APCHQ<br>RBQ license: 5719-2460-01<\/span><\/h6>\t\t\t\t\t\t\t\t<\/div>\n\t\t\t\t<\/div>\n\t\t\t\t\t<\/div>\n\t\t<\/div>\n\t\t\t\t<div class=\"elementor-column elementor-col-50 elementor-top-column elementor-element elementor-element-ed09d8e ot-flex-column-vertical\" data-id=\"ed09d8e\" data-element_type=\"column\">\n\t\t\t<div class=\"elementor-widget-wrap elementor-element-populated\">\n\t\t\t\t\t\t<div class=\"elementor-element elementor-element-cd0c460 theratio-align-center elementor-widget elementor-widget-iheading\" data-id=\"cd0c460\" data-element_type=\"widget\" data-widget_type=\"iheading.default\">\n\t\t\t\t<div class=\"elementor-widget-container\">\n\t\t\t\t\t\t\t<div class=\"ot-heading is-dots\">\r\n\t        \t        <h2 class=\"main-heading\">Operations Manager<\/h2>\t    <\/div>\r\n\t    \t\t\t\t<\/div>\n\t\t\t\t<\/div>\n\t\t\t\t<div class=\"elementor-element elementor-element-11a1a46 elementor-widget elementor-widget-image\" data-id=\"11a1a46\" data-element_type=\"widget\" data-widget_type=\"image.default\">\n\t\t\t\t<div class=\"elementor-widget-container\">\n\t\t\t\t\t\t\t\t\t\t\t\t\t\t\t<img decoding=\"async\" width=\"298\" height=\"300\" src=\"https:\/\/axe360.ca\/wp-content\/uploads\/2025\/04\/Dominik.png\" class=\"attachment-full size-full wp-image-5937\" alt=\"\" srcset=\"https:\/\/axe360.ca\/wp-content\/uploads\/2025\/04\/Dominik.png 298w, https:\/\/axe360.ca\/wp-content\/uploads\/2025\/04\/Dominik-150x150.png 150w\" sizes=\"(max-width: 298px) 100vw, 298px\" \/>\t\t\t\t\t\t\t\t\t\t\t\t\t\t\t<\/div>\n\t\t\t\t<\/div>\n\t\t\t\t<div class=\"elementor-element elementor-element-b539e8d elementor-widget elementor-widget-text-editor\" data-id=\"b539e8d\" data-element_type=\"widget\" data-widget_type=\"text-editor.default\">\n\t\t\t\t<div class=\"elementor-widget-container\">\n\t\t\t\t\t\t\t\t\t<h5 class=\"dark-text red-border-bottom\"><span style=\"color: #ffffff;\">Dominik Pitre<\/span><span style=\"color: #ffffff;\"><\/span><\/h5>\t\t\t\t\t\t\t\t<\/div>\n\t\t\t\t<\/div>\n\t\t\t\t\t<\/div>\n\t\t<\/div>\n\t\t\t\t\t<\/div>\n\t\t<\/section>\n\t\t<div class=\"elementor-element elementor-element-4175df7 e-flex e-con-boxed e-con e-parent\" data-id=\"4175df7\" data-element_type=\"container\">\n\t\t\t\t\t<div class=\"e-con-inner\">\n\t\t<div class=\"elementor-element elementor-element-cbe66d8 e-con-full e-flex e-con e-child\" data-id=\"cbe66d8\" data-element_type=\"container\">\n\t\t\t\t<div class=\"elementor-element elementor-element-fb1b24e elementor-widget elementor-widget-image\" data-id=\"fb1b24e\" data-element_type=\"widget\" data-widget_type=\"image.default\">\n\t\t\t\t<div class=\"elementor-widget-container\">\n\t\t\t\t\t\t\t\t\t\t\t\t\t\t\t<img decoding=\"async\" width=\"1024\" height=\"1018\" src=\"https:\/\/axe360.ca\/wp-content\/uploads\/2025\/03\/IMG_4424-1024x1018-1.png\" class=\"attachment-large size-large wp-image-5897\" alt=\"\" srcset=\"https:\/\/axe360.ca\/wp-content\/uploads\/2025\/03\/IMG_4424-1024x1018-1.png 1024w, https:\/\/axe360.ca\/wp-content\/uploads\/2025\/03\/IMG_4424-1024x1018-1-300x298.png 300w, https:\/\/axe360.ca\/wp-content\/uploads\/2025\/03\/IMG_4424-1024x1018-1-150x150.png 150w, https:\/\/axe360.ca\/wp-content\/uploads\/2025\/03\/IMG_4424-1024x1018-1-768x764.png 768w\" sizes=\"(max-width: 1024px) 100vw, 1024px\" \/>\t\t\t\t\t\t\t\t\t\t\t\t\t\t\t<\/div>\n\t\t\t\t<\/div>\n\t\t\t\t<div class=\"elementor-element elementor-element-533b00c elementor-widget elementor-widget-text-editor\" data-id=\"533b00c\" data-element_type=\"widget\" data-widget_type=\"text-editor.default\">\n\t\t\t\t<div class=\"elementor-widget-container\">\n\t\t\t\t\t\t\t\t\t<p class=\"has-text-align-center\">Choose an APCHQ contractor for your renovation or construction project. Renovation or construction work represents a major investment and involves several stages. To make your life easier, do business with an APCHQ-member contractor!  <\/p>\t\t\t\t\t\t\t\t<\/div>\n\t\t\t\t<\/div>\n\t\t\t\t<\/div>\n\t\t\t\t\t<\/div>\n\t\t\t\t<\/div>\n\t\t<div class=\"elementor-element elementor-element-f09f8ab e-flex e-con-boxed e-con e-parent\" data-id=\"f09f8ab\" data-element_type=\"container\">\n\t\t\t\t\t<div class=\"e-con-inner\">\n\t\t<div class=\"elementor-element elementor-element-e0b5f7d e-con-full e-flex e-con e-child\" data-id=\"e0b5f7d\" data-element_type=\"container\">\n\t\t\t\t<div class=\"elementor-element elementor-element-ed90bff elementor-widget elementor-widget-image\" data-id=\"ed90bff\" data-element_type=\"widget\" data-widget_type=\"image.default\">\n\t\t\t\t<div class=\"elementor-widget-container\">\n\t\t\t\t\t\t\t\t\t\t\t\t\t\t\t<img loading=\"lazy\" decoding=\"async\" width=\"500\" height=\"198\" src=\"https:\/\/axe360.ca\/wp-content\/uploads\/2025\/03\/Logo_officiel_de_la_Regie_du_batiment_du_Quebec-1.png\" class=\"attachment-large size-large wp-image-5914\" alt=\"\" srcset=\"https:\/\/axe360.ca\/wp-content\/uploads\/2025\/03\/Logo_officiel_de_la_Regie_du_batiment_du_Quebec-1.png 500w, https:\/\/axe360.ca\/wp-content\/uploads\/2025\/03\/Logo_officiel_de_la_Regie_du_batiment_du_Quebec-1-300x119.png 300w\" sizes=\"(max-width: 500px) 100vw, 500px\" \/>\t\t\t\t\t\t\t\t\t\t\t\t\t\t\t<\/div>\n\t\t\t\t<\/div>\n\t\t\t\t<div class=\"elementor-element elementor-element-6d43d0c elementor-widget elementor-widget-text-editor\" data-id=\"6d43d0c\" data-element_type=\"widget\" data-widget_type=\"text-editor.default\">\n\t\t\t\t<div class=\"elementor-widget-container\">\n\t\t\t\t\t\t\t\t\t<p>At Groupe Axe 360, we understand that sometimes things happen fast during a renovation project. So you may be tempted to entrust your project to the first person you meet. You should know that only a contractor certified by the R\u00e9gie du b\u00e2timent du Qu\u00e9bec who has successfully completed a recognized training program has the necessary knowledge to guarantee quality work.<\/p><p>Whether it&#8217;s a small or large-scale renovation, we&#8217;ll be there to make sure your project is completed on time. A complete, personalized estimate will be sent to you following a site visit or plans submitted, so you can make an informed decision.<\/p>\t\t\t\t\t\t\t\t<\/div>\n\t\t\t\t<\/div>\n\t\t\t\t<\/div>\n\t\t\t\t\t<\/div>\n\t\t\t\t<\/div>\n\t\t\t\t<section class=\"elementor-section elementor-top-section elementor-element elementor-element-2b18607 elementor-section-boxed elementor-section-height-default elementor-section-height-default\" data-id=\"2b18607\" data-element_type=\"section\">\n\t\t\t\t\t\t<div class=\"elementor-container elementor-column-gap-default\">\n\t\t\t\t\t<div class=\"elementor-column elementor-col-100 elementor-top-column elementor-element elementor-element-ef10e37 ot-flex-column-vertical\" data-id=\"ef10e37\" data-element_type=\"column\">\n\t\t\t<div class=\"elementor-widget-wrap elementor-element-populated\">\n\t\t\t\t\t\t<div class=\"elementor-element elementor-element-4dafa31 theratio-align-center elementor-widget elementor-widget-iheading\" data-id=\"4dafa31\" data-element_type=\"widget\" data-widget_type=\"iheading.default\">\n\t\t\t\t<div class=\"elementor-widget-container\">\n\t\t\t\t\t\t\t<div class=\"ot-heading is-dots\">\r\n\t        <span>[ Comments ]<\/span>\t        <h2 class=\"main-heading\">What people say<\/h2>\t    <\/div>\r\n\t    \t\t\t\t<\/div>\n\t\t\t\t<\/div>\n\t\t\t\t<div class=\"elementor-element elementor-element-5a1f97f elementor-widget elementor-widget-itestimonials\" data-id=\"5a1f97f\" data-element_type=\"widget\" data-widget_type=\"itestimonials.default\">\n\t\t\t\t<div class=\"elementor-widget-container\">\n\t\t\t\t\t\r\n\t\t<div class=\"ot-testimonials v-light\">\t\t\t\t\t\t\r\n\t\t\t\r\n\t\t\t<div class=\"testimonial-inner ot-testimonials-slider-s1 swiper swiper-container\" data-slider_options=\"{&quot;slides_show_desktop&quot;:3,&quot;slides_show_tablet&quot;:3,&quot;slides_show_mobile&quot;:1,&quot;slides_scroll_desktop&quot;:1,&quot;slides_scroll_tablet&quot;:1,&quot;slides_scroll_mobile&quot;:1,&quot;arrows&quot;:false,&quot;dots&quot;:true}\"  data-item-slider=\"ot_slider_5a1f97f\">\r\n\t\t\t\t<div class=\"swiper-wrapper\">\r\n\t\t\t\t\t\t\t\t\t<div class=\"swiper-slide\">\r\n\t\t\t\t\t\t<div class=\"testi-item\">\r\n\t\t\t\t\t        <div class=\"ttext\">\r\n\t\t\t\t\t        \t<div class=\"layer-behind\"><\/div>\r\n\t\t\t\t\t        \t<span><\/span>\r\n\t\t\t\t\t        \tWe did business with R\u00e9novation Axe 360 and were delighted with the company's professionalism. All our questions were answered within the agreed deadline, and they were very detailed. We highly recommend this company.  \t\t\t\t\t        <\/div>\r\n\t\t\t\t\t        <div class=\"t-head flex-middle\">\r\n\t\t\t\t\t\t\t\t\t\t\t\t\t        \t<div class=\"tinfo\">\r\n\t\t\t\t\t        \t\t<h6>M-T. Perreault <\/h6>\r\n\t\t\t\t\t        \t\t\t\t\t\t\t        \t<\/div>\r\n\t\t\t\t        \t<\/div>\r\n\t\t\t        \t<\/div>\r\n\t\t\t\t\t<\/div>\r\n\t\t\t\t\t\t\t\t\t<div class=\"swiper-slide\">\r\n\t\t\t\t\t\t<div class=\"testi-item\">\r\n\t\t\t\t\t        <div class=\"ttext\">\r\n\t\t\t\t\t        \t<div class=\"layer-behind\"><\/div>\r\n\t\t\t\t\t        \t<span><\/span>\r\n\t\t\t\t\t        \tR\u00e9novation Axe 360 met my expectations during work on our kitchen and bathroom. Professional and efficient, I recommend the services of this company. \t\t\t\t\t        <\/div>\r\n\t\t\t\t\t        <div class=\"t-head flex-middle\">\r\n\t\t\t\t\t\t\t\t\t\t\t\t\t        \t<div class=\"tinfo\">\r\n\t\t\t\t\t        \t\t<h6>M-C. Cosetti <\/h6>\r\n\t\t\t\t\t        \t\t\t\t\t\t\t        \t<\/div>\r\n\t\t\t\t        \t<\/div>\r\n\t\t\t        \t<\/div>\r\n\t\t\t\t\t<\/div>\r\n\t\t\t\t\t\t\t\t\t<div class=\"swiper-slide\">\r\n\t\t\t\t\t\t<div class=\"testi-item\">\r\n\t\t\t\t\t        <div class=\"ttext\">\r\n\t\t\t\t\t        \t<div class=\"layer-behind\"><\/div>\r\n\t\t\t\t\t        \t<span><\/span>\r\n\t\t\t\t\t        \tThe expertise of Mr. Jolicoeur and his company enabled us to see clearly the state of our property and to make the appropriate decisions. I liked his approach and am very satisfied with the work. I'd recommend him without hesitation!  \t\t\t\t\t        <\/div>\r\n\t\t\t\t\t        <div class=\"t-head flex-middle\">\r\n\t\t\t\t\t\t\t\t\t\t\t\t\t        \t<div class=\"tinfo\">\r\n\t\t\t\t\t        \t\t<h6>P. Lafarge<\/h6>\r\n\t\t\t\t\t        \t\t\t\t\t\t\t        \t<\/div>\r\n\t\t\t\t        \t<\/div>\r\n\t\t\t        \t<\/div>\r\n\t\t\t\t\t<\/div>\r\n\t\t\t\t\t\t\t\t\t<div class=\"swiper-slide\">\r\n\t\t\t\t\t\t<div class=\"testi-item\">\r\n\t\t\t\t\t        <div class=\"ttext\">\r\n\t\t\t\t\t        \t<div class=\"layer-behind\"><\/div>\r\n\t\t\t\t\t        \t<span><\/span>\r\n\t\t\t\t\t        \tR\u00e9novation Axe 360 made my kitchen dream come true. Thank you for your perfectionism and for listening to me! I recommend it to everyone!\t\t\t\t\t        <\/div>\r\n\t\t\t\t\t        <div class=\"t-head flex-middle\">\r\n\t\t\t\t\t\t\t\t\t\t\t\t\t        \t<div class=\"tinfo\">\r\n\t\t\t\t\t        \t\t<h6>B.Tremblay<\/h6>\r\n\t\t\t\t\t        \t\t\t\t\t\t\t        \t<\/div>\r\n\t\t\t\t        \t<\/div>\r\n\t\t\t        \t<\/div>\r\n\t\t\t\t\t<\/div>\r\n\t\t\t\t\t\t\t\t\t<div class=\"swiper-slide\">\r\n\t\t\t\t\t\t<div class=\"testi-item\">\r\n\t\t\t\t\t        <div class=\"ttext\">\r\n\t\t\t\t\t        \t<div class=\"layer-behind\"><\/div>\r\n\t\t\t\t\t        \t<span><\/span>\r\n\t\t\t\t\t        \tWow! What expertise in renovation. Mr. Jolicoeur and his team have created a haven for the family in my basement. They executed the plan drawn up by my interior designer. Thanks again and keep up the good work!\t\t\t\t\t        <\/div>\r\n\t\t\t\t\t        <div class=\"t-head flex-middle\">\r\n\t\t\t\t\t\t\t\t\t\t\t\t\t        \t<div class=\"tinfo\">\r\n\t\t\t\t\t        \t\t<h6>C. Trudel<\/h6>\r\n\t\t\t\t\t        \t\t\t\t\t\t\t        \t<\/div>\r\n\t\t\t\t        \t<\/div>\r\n\t\t\t        \t<\/div>\r\n\t\t\t\t\t<\/div>\r\n\t\t\t\t\t\t\t\t\t<div class=\"swiper-slide\">\r\n\t\t\t\t\t\t<div class=\"testi-item\">\r\n\t\t\t\t\t        <div class=\"ttext\">\r\n\t\t\t\t\t        \t<div class=\"layer-behind\"><\/div>\r\n\t\t\t\t\t        \t<span><\/span>\r\n\t\t\t\t\t        \tAxe 360 was referred to me by my real estate broker when I was putting my house up for sale, so that I could correct a few important points before putting it up for sale.\t\t\t\t\t        <\/div>\r\n\t\t\t\t\t        <div class=\"t-head flex-middle\">\r\n\t\t\t\t\t\t\t\t\t\t\t\t\t        \t<div class=\"tinfo\">\r\n\t\t\t\t\t        \t\t<h6>F. D. Joseph<\/h6>\r\n\t\t\t\t\t        \t\t\t\t\t\t\t        \t<\/div>\r\n\t\t\t\t        \t<\/div>\r\n\t\t\t        \t<\/div>\r\n\t\t\t\t\t<\/div>\r\n\t\t\t\t\t\t\t\t<\/div>\r\n\r\n\t\t\t\t\t\t\t\t\t\t\t\t<!-- Add Dots -->\r\n\t\t\t\t<div class=\"octf-swiper-pagination\" data-slider=\"ot_slider_5a1f97f\"><\/div>\r\n\t\t\t\t\t\t\t<\/div>\t\t\t\t\r\n\t    <\/div>\r\n\r\n\t    \t\t\t\t<\/div>\n\t\t\t\t<\/div>\n\t\t\t\t\t<\/div>\n\t\t<\/div>\n\t\t\t\t\t<\/div>\n\t\t<\/section>\n\t\t\t\t<\/div>\n\t\t","protected":false},"excerpt":{"rendered":"<p>[ About ] Group Axe 360\u00b0 Group Axe 360 Inc. was founded in Mascouche. The company holds an R.B.Q. license and specializes in renovations for seniors&#8217; residences and home adaptations.Passionate about the industry, Eugene Jolicoeur has been working in the field for over 24 years. Recognized in court as a building expert, he also holds [&hellip;]<\/p>\n","protected":false},"author":1,"featured_media":0,"parent":0,"menu_order":0,"comment_status":"closed","ping_status":"closed","template":"","meta":{"footnotes":""},"class_list":["post-6381","page","type-page","status-publish","hentry"],"_links":{"self":[{"href":"https:\/\/axe360.ca\/en\/wp-json\/wp\/v2\/pages\/6381","targetHints":{"allow":["GET"]}}],"collection":[{"href":"https:\/\/axe360.ca\/en\/wp-json\/wp\/v2\/pages"}],"about":[{"href":"https:\/\/axe360.ca\/en\/wp-json\/wp\/v2\/types\/page"}],"author":[{"embeddable":true,"href":"https:\/\/axe360.ca\/en\/wp-json\/wp\/v2\/users\/1"}],"replies":[{"embeddable":true,"href":"https:\/\/axe360.ca\/en\/wp-json\/wp\/v2\/comments?post=6381"}],"version-history":[{"count":10,"href":"https:\/\/axe360.ca\/en\/wp-json\/wp\/v2\/pages\/6381\/revisions"}],"predecessor-version":[{"id":6453,"href":"https:\/\/axe360.ca\/en\/wp-json\/wp\/v2\/pages\/6381\/revisions\/6453"}],"wp:attachment":[{"href":"https:\/\/axe360.ca\/en\/wp-json\/wp\/v2\/media?parent=6381"}],"curies":[{"name":"wp","href":"https:\/\/api.w.org\/{rel}","templated":true}]}}